{"id":4103,"date":"2026-03-26T12:54:16","date_gmt":"2026-03-26T11:54:16","guid":{"rendered":"https:\/\/www.domaine-chantoiseau.fr\/nouveau\/?page_id=4103"},"modified":"2026-04-08T13:21:08","modified_gmt":"2026-04-08T11:21:08","slug":"bons-cadeaux","status":"publish","type":"page","link":"https:\/\/www.domaine-chantoiseau.fr\/nouveau\/?page_id=4103","title":{"rendered":"Bons Cadeaux"},"content":{"rendered":"<p><div class=\"fusion-fullwidth fullwidth-box fusion-builder-row-1 fusion-flex-container hundred-percent-fullwidth non-hundred-percent-height-scrolling\" style=\"background-color: rgba(255,255,255,0);background-image:linear-gradient(180deg, #ffffff 0%,rgba(255,255,255,0) 15%);background-position: center center;background-repeat: no-repeat;border-width: 0px 0px 100 0px;border-color:#eae9e9;border-style:solid;\" ><div class=\"fusion-builder-row fusion-row fusion-flex-align-items-flex-start\" style=\"width:104% !important;max-width:104% !important;margin-left: calc(-4% \/ 2 );margin-right: calc(-4% \/ 2 );\"><div class=\"fusion-layout-column fusion_builder_column fusion-builder-column-0 fusion_builder_column_1_1 1_1 fusion-flex-column\"><div class=\"fusion-column-wrapper fusion-flex-justify-content-flex-start fusion-content-layout-column\" style=\"background-position:left top;background-repeat:no-repeat;-webkit-background-size:cover;-moz-background-size:cover;-o-background-size:cover;background-size:cover;padding: 0px 0px 10px 0px;\"><iframe style=\"width: 100%; border: 0\" src=\"https:\/\/domaine-chantoiseau.bonkdo.com?embed=true&hide_main_title_description=false&hide_footer=false&hide_whychooseus=false&hide_create_money_pot=false&hide_group_payment=false&hide_shared_gifts_header=false&hide_whole_shared_gifts=false&hide_giftcards=false&hide_vouchers=false\"><\/iframe><script src=\"https:\/\/domaine-chantoiseau.bonkdo.com\/static\/js\/iframeResizer.min.js\"><\/script><script>iFrameResize()<\/script><\/div><\/div><style type=\"text\/css\">.fusion-body .fusion-builder-column-0{width:100% !important;margin-top : 0px;margin-bottom : 10px;}.fusion-builder-column-0 > .fusion-column-wrapper {padding-top : 0px !important;padding-right : 0px !important;margin-right : 1.92%;padding-bottom : 10 !important;padding-left : 0px !important;margin-left : 1.92%;}@media only screen and (max-width:1024px) {.fusion-body .fusion-builder-column-0{width:100% !important;order : 0;}.fusion-builder-column-0 > .fusion-column-wrapper {margin-right : 1.92%;margin-left : 1.92%;}}@media only screen and (max-width:640px) {.fusion-body .fusion-builder-column-0{width:100% !important;order : 0;}.fusion-builder-column-0 > .fusion-column-wrapper {margin-right : 1.92%;margin-left : 1.92%;}}<\/style><\/div><style type=\"text\/css\">.fusion-body .fusion-flex-container.fusion-builder-row-1{ padding-top : 0px;margin-top : 0px;padding-right : 0px;padding-bottom : 100px;margin-bottom : 100;padding-left : 0px;}<\/style><\/div><div class=\"fusion-fullwidth fullwidth-box fusion-builder-row-2 fusion-flex-container nonhundred-percent-fullwidth non-hundred-percent-height-scrolling\" style=\"background-color: #faf9f6;background-image:linear-gradient(180deg, #f3d2a7 0%,rgba(255,255,255,0) 12%);background-position: center center;background-repeat: no-repeat;border-width: 10 0px 0px 0px;border-color:#eae9e9;border-style:solid;\" ><div class=\"fusion-builder-row fusion-row fusion-flex-align-items-flex-start\" style=\"max-width:calc( 1100px + 0px );margin-left: calc(-0px \/ 2 );margin-right: calc(-0px \/ 2 );\"><div class=\"fusion-layout-column fusion_builder_column fusion-builder-column-1 fusion_builder_column_1_1 1_1 fusion-flex-column fusion-animated\" data-animationType=\"fadeInDown\" data-animationDuration=\"1.0\" data-animationOffset=\"100%\"><div class=\"fusion-column-wrapper fusion-flex-justify-content-flex-start fusion-content-layout-column\" style=\"background-position:left top;background-repeat:no-repeat;-webkit-background-size:cover;-moz-background-size:cover;-o-background-size:cover;background-size:cover;padding: 0px 0px 0px 0px;\"><style type=\"text\/css\">@media only screen and (max-width:1024px) {.fusion-title.fusion-title-1{margin-top:0px!important;margin-bottom:20px!important;}}<\/style><div class=\"fusion-title title fusion-title-1 fusion-title-center fusion-title-text fusion-title-size-two\" style=\"margin-top:0px;margin-bottom:20px;\"><div class=\"title-sep-container title-sep-container-left\"><div class=\"title-sep sep-single sep-solid\" style=\"border-color:#2b707d;\"><\/div><\/div><h2 class=\"title-heading-center\" style=\"margin:0;color:#2b707d;\">Le Club des Ambassadeurs<\/h2><div class=\"title-sep-container title-sep-container-right\"><div class=\"title-sep sep-single sep-solid\" style=\"border-color:#2b707d;\"><\/div><\/div><\/div><div class=\"fusion-text fusion-text-1\" style=\"transform:translate3d(0,0,0);\"><p style=\"text-align: center;\">Avec cette carte vous b\u00e9n\u00e9ficier d\u2019une invitation pour 1 personne.<br \/>\nPour venir profiter des nos formules : Restaurant Eph\u00e9m\u00e8re et Brunch du Dimanche.<br \/>\nTOUT D\u2019ABORD :<br \/>\n&#8211; Valider et Remplir le formulaire sur notre site.<br \/>\nLES PLUS :<br \/>\nUne fois que vous aurez profiter de notre Invitation :<br \/>\n&#8211; Vous pourrez inviter une personne de votre choix qui b\u00e9n\u00e9ficiera des m\u00eame avantages que vous.<br \/>\n&#8211; Et vous b\u00e9n\u00e9ficierez de 10 % de r\u00e9duction sur toutes nos prestations.<br \/>\nLes Cartes sont nominatives et non cessibles.<br \/>\nVous pouvez en profiter seul ou \u00eatre accompagn\u00e9. Toutes les informations sur notre site : www.domaine-chantoiseau.fr<\/p>\n<\/div><style type=\"text\/css\">.fusion-gallery-1 .fusion-gallery-image {border:3px solid #f6f6f6;-webkit-border-radius:20px;-moz-border-radius:20px;border-radius:20px;}<\/style><div class=\"fusion-gallery fusion-gallery-container fusion-grid-2 fusion-columns-total-2 fusion-gallery-layout-grid fusion-gallery-1\" style=\"margin:-5px;\"><div style=\"padding:5px;\" class=\"fusion-grid-column fusion-gallery-column fusion-gallery-column-2 hover-type-none\"><div class=\"fusion-gallery-image\"><a href=\"https:\/\/www.domaine-chantoiseau.fr\/nouveau\/wp-content\/uploads\/2026\/03\/carte-club-des-ambassadeurs.jpg\" rel=\"noreferrer\" data-rel=\"iLightbox[gallery_image_1]\" class=\"fusion-lightbox\" target=\"_self\"><img src=\"https:\/\/www.domaine-chantoiseau.fr\/nouveau\/wp-content\/uploads\/2026\/03\/carte-club-des-ambassadeurs.jpg\" width=\"800\" height=\"527\" alt=\"\" title=\"carte-club-des-ambassadeurs\" aria-label=\"carte-club-des-ambassadeurs\" class=\"img-responsive wp-image-4167\" srcset=\"https:\/\/www.domaine-chantoiseau.fr\/nouveau\/wp-content\/uploads\/2026\/03\/carte-club-des-ambassadeurs-200x132.jpg 200w, https:\/\/www.domaine-chantoiseau.fr\/nouveau\/wp-content\/uploads\/2026\/03\/carte-club-des-ambassadeurs-400x264.jpg 400w, https:\/\/www.domaine-chantoiseau.fr\/nouveau\/wp-content\/uploads\/2026\/03\/carte-club-des-ambassadeurs-600x395.jpg 600w, https:\/\/www.domaine-chantoiseau.fr\/nouveau\/wp-content\/uploads\/2026\/03\/carte-club-des-ambassadeurs.jpg 800w\" sizes=\"(min-width: 2200px) 100vw, (min-width: 712px) 548px, (min-width: 640px) 712px, \" \/><\/a><\/div><\/div><div style=\"padding:5px;\" class=\"fusion-grid-column fusion-gallery-column fusion-gallery-column-2 hover-type-none\"><div class=\"fusion-gallery-image\"><a href=\"https:\/\/www.domaine-chantoiseau.fr\/nouveau\/wp-content\/uploads\/2026\/03\/carte-verso-club-des-ambass.jpg\" rel=\"noreferrer\" data-rel=\"iLightbox[gallery_image_1]\" class=\"fusion-lightbox\" target=\"_self\"><img src=\"https:\/\/www.domaine-chantoiseau.fr\/nouveau\/wp-content\/uploads\/2026\/03\/carte-verso-club-des-ambass.jpg\" width=\"800\" height=\"527\" alt=\"\" title=\"carte-verso-club-des-ambass\" aria-label=\"carte-verso-club-des-ambass\" class=\"img-responsive wp-image-4168\" srcset=\"https:\/\/www.domaine-chantoiseau.fr\/nouveau\/wp-content\/uploads\/2026\/03\/carte-verso-club-des-ambass-200x132.jpg 200w, https:\/\/www.domaine-chantoiseau.fr\/nouveau\/wp-content\/uploads\/2026\/03\/carte-verso-club-des-ambass-400x264.jpg 400w, https:\/\/www.domaine-chantoiseau.fr\/nouveau\/wp-content\/uploads\/2026\/03\/carte-verso-club-des-ambass-600x395.jpg 600w, https:\/\/www.domaine-chantoiseau.fr\/nouveau\/wp-content\/uploads\/2026\/03\/carte-verso-club-des-ambass.jpg 800w\" sizes=\"(min-width: 2200px) 100vw, (min-width: 712px) 548px, (min-width: 640px) 712px, \" \/><\/a><\/div><\/div><div class=\"clearfix\"><\/div><\/div><\/div><\/div><style type=\"text\/css\">.fusion-body .fusion-builder-column-1{width:100% !important;margin-top : 0px;margin-bottom : 0px;}.fusion-builder-column-1 > .fusion-column-wrapper {padding-top : 0px !important;padding-right : 0px !important;margin-right : 0px;padding-bottom : 0px !important;padding-left : 0px !important;margin-left : 0px;}@media only screen and (max-width:1024px) {.fusion-body .fusion-builder-column-1{width:100% !important;order : 0;}.fusion-builder-column-1 > .fusion-column-wrapper {margin-right : 0px;margin-left : 0px;}}@media only screen and (max-width:640px) {.fusion-body .fusion-builder-column-1{width:100% !important;order : 0;}.fusion-builder-column-1 > .fusion-column-wrapper {margin-right : 0px;margin-left : 0px;}}<\/style><\/div><style type=\"text\/css\">.fusion-body .fusion-flex-container.fusion-builder-row-2{ padding-top : 8%;margin-top : 0px;padding-right : 0px;padding-bottom : 8%;margin-bottom : 0px;padding-left : 0px;}<\/style><\/div><div class=\"fusion-fullwidth fullwidth-box fusion-builder-row-3 fusion-flex-container nonhundred-percent-fullwidth non-hundred-percent-height-scrolling\" style=\"background-color: rgba(255,255,255,0);background-image:linear-gradient(0deg, #ffffff 0%,rgba(255,255,255,0) 100%);background-position: center center;background-repeat: no-repeat;border-width: 0px 0px 0px 0px;border-color:#eae9e9;border-style:solid;\" ><div class=\"fusion-builder-row fusion-row fusion-flex-align-items-stretch\" style=\"max-width:1144px;margin-left: calc(-4% \/ 2 );margin-right: calc(-4% \/ 2 );\"><div class=\"fusion-layout-column fusion_builder_column fusion-builder-column-2 fusion_builder_column_1_2 1_2 fusion-flex-column\"><div class=\"fusion-column-wrapper fusion-flex-justify-content-flex-start fusion-content-layout-column\" style=\"background-position:left top;background-repeat:no-repeat;-webkit-background-size:cover;-moz-background-size:cover;-o-background-size:cover;background-size:cover;padding: 0px 0px 0px 0px;\"><style type=\"text\/css\">@media only screen and (max-width:1024px) {.fusion-title.fusion-title-2{margin-top:0px!important;margin-bottom:20px!important;}}<\/style><div class=\"fusion-title title fusion-title-2 fusion-sep-none fusion-title-text fusion-title-size-three\" style=\"margin-top:0px;margin-bottom:20px;\"><h3 class=\"title-heading-left\" style=\"margin:0;color:#f2ae54;\"><p><span style=\"color: #f3d2a7;\">Formulaire \u00e0 Remplir<br \/>\n<\/span><\/p><\/h3><\/div><div class=\"fusion-text fusion-text-2\" style=\"transform:translate3d(0,0,0);\"><p><span style=\"color: #f3d2a7;\">Dans l&rsquo;attente de vous recevoir &#8230;<br \/>\n<\/span><\/p>\n<\/div><\/div><\/div><style type=\"text\/css\">.fusion-body .fusion-builder-column-2{width:50% !important;margin-top : 0px;margin-bottom : 0px;}.fusion-builder-column-2 > .fusion-column-wrapper {padding-top : 0px !important;padding-right : 0px !important;margin-right : 3.84%;padding-bottom : 0px !important;padding-left : 0px !important;margin-left : 3.84%;}@media only screen and (max-width:1024px) {.fusion-body .fusion-builder-column-2{width:100% !important;order : 0;}.fusion-builder-column-2 > .fusion-column-wrapper {margin-right : 1.92%;margin-left : 1.92%;}}@media only screen and (max-width:640px) {.fusion-body .fusion-builder-column-2{width:100% !important;order : 0;}.fusion-builder-column-2 > .fusion-column-wrapper {margin-right : 1.92%;margin-left : 1.92%;}}<\/style><div class=\"fusion-layout-column fusion_builder_column fusion-builder-column-3 fusion_builder_column_1_2 1_2 fusion-flex-column\"><div class=\"fusion-column-wrapper fusion-flex-justify-content-center fusion-content-layout-column\" style=\"background-position:left top;background-repeat:no-repeat;-webkit-background-size:cover;-moz-background-size:cover;-o-background-size:cover;background-size:cover;padding: 0px 0px 0px 0px;\"><div style=\"text-align:right;\"><style type=\"text\/css\">.fusion-button.button-1 .fusion-button-text, .fusion-button.button-1 i {color:#0b2621;}.fusion-button.button-1 .fusion-button-icon-divider{border-color:#0b2621;}.fusion-button.button-1:hover .fusion-button-text, .fusion-button.button-1:hover i,.fusion-button.button-1:focus .fusion-button-text, .fusion-button.button-1:focus i,.fusion-button.button-1:active .fusion-button-text, .fusion-button.button-1:active{color:#0b2621;}.fusion-button.button-1:hover .fusion-button-icon-divider, .fusion-button.button-1:hover .fusion-button-icon-divider, .fusion-button.button-1:active .fusion-button-icon-divider{border-color:#0b2621;}.fusion-button.button-1:hover, .fusion-button.button-1:focus, .fusion-button.button-1:active{border-color:#ffffff;}.fusion-button.button-1 {border-color:#ffffff;border-radius:0px;}.fusion-button.button-1{background: #f3d2a7;}.fusion-button.button-1:hover,.button-1:focus,.fusion-button.button-1:active{background: #ffe5c3;}<\/style><a class=\"fusion-button button-flat button-xlarge button-custom button-1 fusion-button-default-span fusion-button-default-type\" target=\"_blank\" rel=\"noopener noreferrer\" href=\"https:\/\/www.domaine-chantoiseau.fr\/nouveau\/?page_id=4175\"><span class=\"fusion-button-text\">Formulaire<\/span><\/a><\/div><\/div><\/div><style type=\"text\/css\">.fusion-body .fusion-builder-column-3{width:50% !important;margin-top : 0px;margin-bottom : 0px;}.fusion-builder-column-3 > .fusion-column-wrapper {padding-top : 0px !important;padding-right : 0px !important;margin-right : 3.84%;padding-bottom : 0px !important;padding-left : 0px !important;margin-left : 3.84%;}@media only screen and (max-width:1024px) {.fusion-body .fusion-builder-column-3{width:100% !important;}.fusion-builder-column-3 > .fusion-column-wrapper {margin-right : 1.92%;margin-left : 1.92%;}}@media only screen and (max-width:640px) {.fusion-body .fusion-builder-column-3{width:100% !important;}.fusion-builder-column-3 > .fusion-column-wrapper {margin-right : 1.92%;margin-left : 1.92%;}}<\/style><\/div><style type=\"text\/css\">.fusion-builder-row-3{filter: brightness(99%);transition: filter 0.3s ease;}.fusion-builder-row-3:hover{filter: brightness(100%);}.fusion-body .fusion-flex-container.fusion-builder-row-3{ padding-top : 90px;margin-top : 0px;padding-right : 0px;padding-bottom : 90px;margin-bottom : 0px;padding-left : 0px;}<\/style><\/div><\/p>\n","protected":false},"excerpt":{"rendered":"","protected":false},"author":2,"featured_media":2682,"parent":0,"menu_order":0,"comment_status":"closed","ping_status":"closed","template":"100-width.php","meta":[],"yoast_head":"<!-- This site is optimized with the Yoast SEO plugin v15.9 - https:\/\/yoast.com\/wordpress\/plugins\/seo\/ -->\n<title>Bons Cadeaux - Domaine Chantoiseau<\/title>\n<meta name=\"robots\" content=\"index, follow, max-snippet:-1, max-image-preview:large, max-video-preview:-1\" \/>\n<link rel=\"canonical\" href=\"https:\/\/www.domaine-chantoiseau.fr\/nouveau\/?page_id=4103\" \/>\n<meta property=\"og:locale\" content=\"fr_FR\" \/>\n<meta property=\"og:type\" content=\"article\" \/>\n<meta property=\"og:title\" content=\"Bons Cadeaux - Domaine Chantoiseau\" \/>\n<meta property=\"og:url\" content=\"https:\/\/www.domaine-chantoiseau.fr\/nouveau\/?page_id=4103\" \/>\n<meta property=\"og:site_name\" content=\"Domaine Chantoiseau\" \/>\n<meta property=\"article:modified_time\" content=\"2026-04-08T11:21:08+00:00\" \/>\n<meta property=\"og:image\" content=\"https:\/\/www.domaine-chantoiseau.fr\/nouveau\/wp-content\/uploads\/2021\/03\/Fleurs2560x564-1.jpg\" \/>\n\t<meta property=\"og:image:width\" content=\"2560\" \/>\n\t<meta property=\"og:image:height\" content=\"633\" \/>\n<meta name=\"twitter:card\" content=\"summary_large_image\" \/>\n<meta name=\"twitter:label1\" content=\"Dur\u00e9e de lecture est.\">\n\t<meta name=\"twitter:data1\" content=\"5 minutes\">\n<script type=\"application\/ld+json\" class=\"yoast-schema-graph\">{\"@context\":\"https:\/\/schema.org\",\"@graph\":[{\"@type\":\"WebSite\",\"@id\":\"http:\/\/www.domaine-chantoiseau.fr\/nouveau\/#website\",\"url\":\"http:\/\/www.domaine-chantoiseau.fr\/nouveau\/\",\"name\":\"Domaine Chantoiseau\",\"description\":\"G\\u00eete de charme H\\u00e9bergements Insolites R\\u00e9ceptions Animations Table d&#039;H\\u00f4tes\",\"potentialAction\":[{\"@type\":\"SearchAction\",\"target\":\"http:\/\/www.domaine-chantoiseau.fr\/nouveau\/?s={search_term_string}\",\"query-input\":\"required name=search_term_string\"}],\"inLanguage\":\"fr-FR\"},{\"@type\":\"ImageObject\",\"@id\":\"https:\/\/www.domaine-chantoiseau.fr\/nouveau\/?page_id=4103#primaryimage\",\"inLanguage\":\"fr-FR\",\"url\":\"https:\/\/www.domaine-chantoiseau.fr\/nouveau\/wp-content\/uploads\/2021\/03\/Fleurs2560x564-1.jpg\",\"width\":2560,\"height\":633},{\"@type\":\"WebPage\",\"@id\":\"https:\/\/www.domaine-chantoiseau.fr\/nouveau\/?page_id=4103#webpage\",\"url\":\"https:\/\/www.domaine-chantoiseau.fr\/nouveau\/?page_id=4103\",\"name\":\"Bons Cadeaux - Domaine Chantoiseau\",\"isPartOf\":{\"@id\":\"http:\/\/www.domaine-chantoiseau.fr\/nouveau\/#website\"},\"primaryImageOfPage\":{\"@id\":\"https:\/\/www.domaine-chantoiseau.fr\/nouveau\/?page_id=4103#primaryimage\"},\"datePublished\":\"2026-03-26T11:54:16+00:00\",\"dateModified\":\"2026-04-08T11:21:08+00:00\",\"breadcrumb\":{\"@id\":\"https:\/\/www.domaine-chantoiseau.fr\/nouveau\/?page_id=4103#breadcrumb\"},\"inLanguage\":\"fr-FR\",\"potentialAction\":[{\"@type\":\"ReadAction\",\"target\":[\"https:\/\/www.domaine-chantoiseau.fr\/nouveau\/?page_id=4103\"]}]},{\"@type\":\"BreadcrumbList\",\"@id\":\"https:\/\/www.domaine-chantoiseau.fr\/nouveau\/?page_id=4103#breadcrumb\",\"itemListElement\":[{\"@type\":\"ListItem\",\"position\":1,\"item\":{\"@type\":\"WebPage\",\"@id\":\"http:\/\/www.domaine-chantoiseau.fr\/nouveau\/\",\"url\":\"http:\/\/www.domaine-chantoiseau.fr\/nouveau\/\",\"name\":\"Home\"}},{\"@type\":\"ListItem\",\"position\":2,\"item\":{\"@type\":\"WebPage\",\"@id\":\"https:\/\/www.domaine-chantoiseau.fr\/nouveau\/?page_id=4103\",\"url\":\"https:\/\/www.domaine-chantoiseau.fr\/nouveau\/?page_id=4103\",\"name\":\"Bons Cadeaux\"}}]}]}<\/script>\n<!-- \/ Yoast SEO plugin. -->","_links":{"self":[{"href":"https:\/\/www.domaine-chantoiseau.fr\/nouveau\/index.php?rest_route=\/wp\/v2\/pages\/4103"}],"collection":[{"href":"https:\/\/www.domaine-chantoiseau.fr\/nouveau\/index.php?rest_route=\/wp\/v2\/pages"}],"about":[{"href":"https:\/\/www.domaine-chantoiseau.fr\/nouveau\/index.php?rest_route=\/wp\/v2\/types\/page"}],"author":[{"embeddable":true,"href":"https:\/\/www.domaine-chantoiseau.fr\/nouveau\/index.php?rest_route=\/wp\/v2\/users\/2"}],"replies":[{"embeddable":true,"href":"https:\/\/www.domaine-chantoiseau.fr\/nouveau\/index.php?rest_route=%2Fwp%2Fv2%2Fcomments&post=4103"}],"version-history":[{"count":23,"href":"https:\/\/www.domaine-chantoiseau.fr\/nouveau\/index.php?rest_route=\/wp\/v2\/pages\/4103\/revisions"}],"predecessor-version":[{"id":4169,"href":"https:\/\/www.domaine-chantoiseau.fr\/nouveau\/index.php?rest_route=\/wp\/v2\/pages\/4103\/revisions\/4169"}],"wp:featuredmedia":[{"embeddable":true,"href":"https:\/\/www.domaine-chantoiseau.fr\/nouveau\/index.php?rest_route=\/wp\/v2\/media\/2682"}],"wp:attachment":[{"href":"https:\/\/www.domaine-chantoiseau.fr\/nouveau\/index.php?rest_route=%2Fwp%2Fv2%2Fmedia&parent=4103"}],"curies":[{"name":"wp","href":"https:\/\/api.w.org\/{rel}","templated":true}]}}