{"id":3823,"date":"2025-03-05T16:05:24","date_gmt":"2025-03-05T15:05:24","guid":{"rendered":"https:\/\/www.domaine-chantoiseau.fr\/nouveau\/?page_id=3823"},"modified":"2025-03-05T17:06:14","modified_gmt":"2025-03-05T16:06:14","slug":"cindy-reflexologie","status":"publish","type":"page","link":"https:\/\/www.domaine-chantoiseau.fr\/nouveau\/?page_id=3823","title":{"rendered":"Cindy Reflexologie"},"content":{"rendered":"<div class=\"fusion-fullwidth fullwidth-box fusion-builder-row-1 fusion-flex-container nonhundred-percent-fullwidth non-hundred-percent-height-scrolling fusion-no-small-visibility fusion-no-medium-visibility\" style=\"background-color: rgba(255,255,255,0);background-image:linear-gradient(180deg, #f3d2a7 0%,rgba(255,255,255,0) 3%);background-position: center bottom;background-repeat: no-repeat;border-width: 0px 0px 0px 0px;border-color:#eae9e9;border-style:solid;\" ><div class=\"fusion-builder-row fusion-row fusion-flex-align-items-flex-start\" style=\"max-width:1144px;margin-left: calc(-4% \/ 2 );margin-right: calc(-4% \/ 2 );\"><div class=\"fusion-layout-column fusion_builder_column fusion-builder-column-0 fusion_builder_column_1_1 1_1 fusion-flex-column fusion-animated\" data-animationType=\"fadeInDown\" data-animationDuration=\"1.0\" data-animationOffset=\"100%\"><div class=\"fusion-column-wrapper fusion-flex-justify-content-flex-start fusion-content-layout-column\" style=\"background-position:left top;background-repeat:no-repeat;-webkit-background-size:cover;-moz-background-size:cover;-o-background-size:cover;background-size:cover;padding: 0px 0px 6% 0px;\"><style type=\"text\/css\">@media only screen and (max-width:1024px) {.fusion-title.fusion-title-1{margin-top:0px!important;margin-bottom:20px!important;}}<\/style><div class=\"fusion-title title fusion-title-1 fusion-title-center fusion-title-text fusion-title-size-two\" style=\"margin-top:0px;margin-bottom:20px;\"><div class=\"title-sep-container title-sep-container-left\"><div class=\"title-sep sep-single sep-solid\" style=\"border-color:#2b707d;\"><\/div><\/div><h2 class=\"title-heading-center\" style=\"margin:0;color:#2b707d;\">Cindy GABORIAU<\/h2><div class=\"title-sep-container title-sep-container-right\"><div class=\"title-sep sep-single sep-solid\" style=\"border-color:#2b707d;\"><\/div><\/div><\/div><div class=\"fusion-text fusion-text-1\" style=\"transform:translate3d(0,0,0);\"><h5 style=\"text-align: center;\">R\u00e9flexologie Plantaire<\/h5>\n<p class=\"alignLeft font_8 wixui-rich-text__text\" style=\"text-align: center;\"><span class=\"color_15 wixui-rich-text__text\">R\u00e9flexologue plantaire et palmaire certifi\u00e9e\u00a0<\/span><\/p>\n<p class=\"alignLeft font_8 wixui-rich-text__text\" style=\"text-align: center;\"><span class=\"wixui-rich-text__text\">Praticienne<\/span><span class=\"color_15 wixui-rich-text__text\">\u00a0en Reiki Usui, Magn\u00e9tisme et Lahochi<\/span><\/p>\n<\/div><div class=\"fusion-text fusion-text-2\" style=\"transform:translate3d(0,0,0);\"><h6 class=\"alignLeft font_6 wixui-rich-text__text\"><span class=\"color_20 wixui-rich-text__text\">La r\u00e9flexologie Plantaire Approfondie &#8211; M\u00e9thode chinoise\u00a0<\/span><\/h6>\n<p class=\"alignLeft font_8 wixui-rich-text__text\"><span class=\"wixui-rich-text__text\">C&rsquo;est une technique douce, naturelle et manuelle qui permet de soulager de nombreux maux.\u00a0<\/span><span class=\"wixui-rich-text__text\">Le but est d&rsquo;aider l\u2019organisme \u00e0 r\u00e9tablir l&rsquo;\u00e9quilibre dans votre corps.<\/span><\/p>\n<p class=\"font_8 wixui-rich-text__text\">Il faut savoir que le pied est une projection miniature du corps humain. Ainsi, chaque organe y est repr\u00e9sent\u00e9 \u00e0 un endroit pr\u00e9cis, appel\u00e9 zones r\u00e9flexes.<\/p>\n<p class=\"font_8 wixui-rich-text__text\">Le r\u00e9flexologue stimule l&rsquo;ensemble des zones r\u00e9flexes du pied et de la cheville afin de d\u00e9tecter les points de tension et les tissus perturb\u00e9s, r\u00e9v\u00e9lateurs de d\u00e9s\u00e9quilibres. L&rsquo;organisme r\u00e9agit donc sous l&rsquo;effet des pressions en lib\u00e9rant des endorphines (\u00ab\u00a0hormones du bonheur\u00a0\u00bb) d&rsquo;o\u00f9 une profonde relaxation physique et mentale, accompagn\u00e9e d&rsquo;une diminution des douleurs et du stress. Les organes mieux irrigu\u00e9s sont alors \u00e0 m\u00eame de mieux fonctionner.<\/p>\n<p class=\"font_8 wixui-rich-text__text\">La r\u00e9flexologie r\u00e9gule le syst\u00e8me hormonal et le syst\u00e8me nerveux qui contribuent au bon fonctionnement de tout l&rsquo;organisme. Elle permet aussi de r\u00e9guler les d\u00e9fenses immunitaires, la circulation sanguine et lymphatique, ce qui augmente la vitalit\u00e9 en favorisant l&rsquo;\u00e9limination des toxines.<\/p>\n<p class=\"alignLeft font_8 wixui-rich-text__text\">La technique se pratique habill\u00e9, allong\u00e9 sur une table de massage ou dans un transat.<span class=\"wixGuard wixui-rich-text__text\">\u200b<\/span><\/p>\n<p class=\"alignLeft font_8 wixui-rich-text__text\">Contre-indications : les traumatismes du pied non r\u00e9solus et les 3 premiers mois de grossesse, 4 si ant\u00e9c\u00e9dents de fausses couches.<\/p>\n<p class=\"alignLeft font_7 wixui-rich-text__text\"><span class=\"wixui-rich-text__text\">-&gt; cette pratique est la m\u00eame sur les mains -&gt; r\u00e9flexologie palmaire<\/span><\/p>\n<\/div><div class=\"fusion-text fusion-text-3\" style=\"transform:translate3d(0,0,0);\"><h5 style=\"text-align: center;\">Reiki<\/h5>\n<\/div><div class=\"fusion-text fusion-text-4\" style=\"transform:translate3d(0,0,0);\"><p class=\"font_8 wixui-rich-text__text\">C&rsquo;est une technique naturelle et holistique qui harmonise les diff\u00e9rents corps et am\u00e8ne un retour \u00e0 l\u2019\u00e9quilibre physique, mental, \u00e9motionnel et psychique. L\u2019\u00e9nergie est r\u00e9ceptionn\u00e9e, canalis\u00e9e le long du canal central et envoy\u00e9e par les mains du praticien vers le receveur. De cette fa\u00e7on, en\u00a0Reiki, le praticien\u00a0ne puise pas dans sa r\u00e9serve d&rsquo;\u00e9nergie lors du soin, mais utilise l&rsquo;\u00e9nergie universelle (contrairement au magn\u00e9tisme).<\/p>\n<p class=\"font_8 wixui-rich-text__text\">Le d\u00e9roulement de la s\u00e9ance est simple. Nous prenons le temps d&rsquo;\u00e9changer puis vous\u00a0vous allongez\u00a0sur la\u00a0table de massage, sur le dos (vous restez habill\u00e9, sans chaussures). Ensuite je me concentre et vous pouvez fermer\u00a0les yeux. Profitez alors, de ce temps de conscience au corps, de relaxation. Arriv\u00e9e \u00e0 la moiti\u00e9 de la s\u00e9ance, je vous demanderai de vous\u00a0retourner\u00a0sur le\u00a0ventre (si possible) afin que je puisse travailler sur l&rsquo;ensemble de votre corps.<\/p>\n<p class=\"font_8 wixui-rich-text__text\">Le Reiki est adapt\u00e9 \u00e0 tous&#8230;m\u00eame chez les femmes enceintes \ud83d\ude09<\/p>\n<\/div><div style=\"text-align:center;\"><span class=\" fusion-imageframe imageframe-none imageframe-1 hover-type-none\"><img width=\"2560\" height=\"120\" title=\"bandeau-fleurs\" src=\"http:\/\/www.domaine-chantoiseau.fr\/nouveau\/wp-content\/uploads\/2021\/03\/bandeau-fleurs.jpg\" class=\"img-responsive wp-image-1466\" srcset=\"https:\/\/www.domaine-chantoiseau.fr\/nouveau\/wp-content\/uploads\/2021\/03\/bandeau-fleurs-200x9.jpg 200w, https:\/\/www.domaine-chantoiseau.fr\/nouveau\/wp-content\/uploads\/2021\/03\/bandeau-fleurs-400x19.jpg 400w, https:\/\/www.domaine-chantoiseau.fr\/nouveau\/wp-content\/uploads\/2021\/03\/bandeau-fleurs-600x28.jpg 600w, https:\/\/www.domaine-chantoiseau.fr\/nouveau\/wp-content\/uploads\/2021\/03\/bandeau-fleurs-800x38.jpg 800w, https:\/\/www.domaine-chantoiseau.fr\/nouveau\/wp-content\/uploads\/2021\/03\/bandeau-fleurs-1200x56.jpg 1200w, https:\/\/www.domaine-chantoiseau.fr\/nouveau\/wp-content\/uploads\/2021\/03\/bandeau-fleurs.jpg 2560w\" sizes=\"(max-width: 1024px) 100vw, (max-width: 640px) 100vw, 1200px\" \/><\/span><\/div><div class=\"fusion-text fusion-text-5\" style=\"transform:translate3d(0,0,0);\"><p style=\"text-align: center;\">Informations et rendez-vous au pr\u00e9s de prestataires directement.<\/p>\n<p style=\"text-align: center;\"><a href=\"https:\/\/www.cindygaboriaureflexologie.com\/prestations\" target=\"_blank\" rel=\"noopener\">site Internet<\/a><\/p>\n<\/div><div style=\"text-align:center;\"><span class=\" fusion-imageframe imageframe-none imageframe-2 hover-type-none\"><img width=\"2560\" height=\"120\" title=\"bandeau-fleurs\" src=\"http:\/\/www.domaine-chantoiseau.fr\/nouveau\/wp-content\/uploads\/2021\/03\/bandeau-fleurs.jpg\" class=\"img-responsive wp-image-1466\" srcset=\"https:\/\/www.domaine-chantoiseau.fr\/nouveau\/wp-content\/uploads\/2021\/03\/bandeau-fleurs-200x9.jpg 200w, https:\/\/www.domaine-chantoiseau.fr\/nouveau\/wp-content\/uploads\/2021\/03\/bandeau-fleurs-400x19.jpg 400w, https:\/\/www.domaine-chantoiseau.fr\/nouveau\/wp-content\/uploads\/2021\/03\/bandeau-fleurs-600x28.jpg 600w, https:\/\/www.domaine-chantoiseau.fr\/nouveau\/wp-content\/uploads\/2021\/03\/bandeau-fleurs-800x38.jpg 800w, https:\/\/www.domaine-chantoiseau.fr\/nouveau\/wp-content\/uploads\/2021\/03\/bandeau-fleurs-1200x56.jpg 1200w, https:\/\/www.domaine-chantoiseau.fr\/nouveau\/wp-content\/uploads\/2021\/03\/bandeau-fleurs.jpg 2560w\" sizes=\"(max-width: 1024px) 100vw, (max-width: 640px) 100vw, 1200px\" \/><\/span><\/div><\/div><\/div><style type=\"text\/css\">.fusion-body .fusion-builder-column-0{width:100% !important;margin-top : 0px;margin-bottom : 0px;}.fusion-builder-column-0 > .fusion-column-wrapper {padding-top : 0px !important;padding-right : 0px !important;margin-right : 1.92%;padding-bottom : 6% !important;padding-left : 0px !important;margin-left : 1.92%;}@media only screen and (max-width:1024px) {.fusion-body .fusion-builder-column-0{width:100% !important;}.fusion-builder-column-0 > .fusion-column-wrapper {margin-right : 1.92%;margin-left : 1.92%;}}@media only screen and (max-width:640px) {.fusion-body .fusion-builder-column-0{width:100% !important;}.fusion-builder-column-0 > .fusion-column-wrapper {margin-right : 1.92%;margin-left : 1.92%;}}<\/style><\/div><style type=\"text\/css\">.fusion-body .fusion-flex-container.fusion-builder-row-1{ padding-top : 8%;margin-top : 0px;padding-right : 0px;padding-bottom : 4%;margin-bottom : 0px;padding-left : 0px;}<\/style><\/div>\n","protected":false},"excerpt":{"rendered":"","protected":false},"author":2,"featured_media":3849,"parent":0,"menu_order":0,"comment_status":"closed","ping_status":"closed","template":"100-width.php","meta":[],"yoast_head":"<!-- This site is optimized with the Yoast SEO plugin v15.9 - https:\/\/yoast.com\/wordpress\/plugins\/seo\/ -->\n<title>Cindy Reflexologie - Domaine Chantoiseau<\/title>\n<meta name=\"robots\" content=\"index, follow, max-snippet:-1, max-image-preview:large, max-video-preview:-1\" \/>\n<link rel=\"canonical\" href=\"https:\/\/www.domaine-chantoiseau.fr\/nouveau\/?page_id=3823\" \/>\n<meta property=\"og:locale\" content=\"fr_FR\" \/>\n<meta property=\"og:type\" content=\"article\" \/>\n<meta property=\"og:title\" content=\"Cindy Reflexologie - Domaine Chantoiseau\" \/>\n<meta property=\"og:url\" content=\"https:\/\/www.domaine-chantoiseau.fr\/nouveau\/?page_id=3823\" \/>\n<meta property=\"og:site_name\" content=\"Domaine Chantoiseau\" \/>\n<meta property=\"article:modified_time\" content=\"2025-03-05T16:06:14+00:00\" \/>\n<meta property=\"og:image\" content=\"https:\/\/www.domaine-chantoiseau.fr\/nouveau\/wp-content\/uploads\/2025\/03\/barre-ciel.jpg\" \/>\n\t<meta property=\"og:image:width\" content=\"2560\" \/>\n\t<meta property=\"og:image:height\" content=\"700\" \/>\n<meta name=\"twitter:card\" content=\"summary_large_image\" \/>\n<meta name=\"twitter:label1\" content=\"Dur\u00e9e de lecture est.\">\n\t<meta name=\"twitter:data1\" content=\"13 minutes\">\n<script type=\"application\/ld+json\" class=\"yoast-schema-graph\">{\"@context\":\"https:\/\/schema.org\",\"@graph\":[{\"@type\":\"WebSite\",\"@id\":\"https:\/\/www.domaine-chantoiseau.fr\/nouveau\/#website\",\"url\":\"https:\/\/www.domaine-chantoiseau.fr\/nouveau\/\",\"name\":\"Domaine Chantoiseau\",\"description\":\"G\\u00eete de charme H\\u00e9bergements Insolites R\\u00e9ceptions Animations Table d&#039;H\\u00f4tes\",\"potentialAction\":[{\"@type\":\"SearchAction\",\"target\":\"https:\/\/www.domaine-chantoiseau.fr\/nouveau\/?s={search_term_string}\",\"query-input\":\"required name=search_term_string\"}],\"inLanguage\":\"fr-FR\"},{\"@type\":\"ImageObject\",\"@id\":\"https:\/\/www.domaine-chantoiseau.fr\/nouveau\/?page_id=3823#primaryimage\",\"inLanguage\":\"fr-FR\",\"url\":\"https:\/\/www.domaine-chantoiseau.fr\/nouveau\/wp-content\/uploads\/2025\/03\/barre-ciel.jpg\",\"width\":2560,\"height\":700},{\"@type\":\"WebPage\",\"@id\":\"https:\/\/www.domaine-chantoiseau.fr\/nouveau\/?page_id=3823#webpage\",\"url\":\"https:\/\/www.domaine-chantoiseau.fr\/nouveau\/?page_id=3823\",\"name\":\"Cindy Reflexologie - Domaine Chantoiseau\",\"isPartOf\":{\"@id\":\"https:\/\/www.domaine-chantoiseau.fr\/nouveau\/#website\"},\"primaryImageOfPage\":{\"@id\":\"https:\/\/www.domaine-chantoiseau.fr\/nouveau\/?page_id=3823#primaryimage\"},\"datePublished\":\"2025-03-05T15:05:24+00:00\",\"dateModified\":\"2025-03-05T16:06:14+00:00\",\"breadcrumb\":{\"@id\":\"https:\/\/www.domaine-chantoiseau.fr\/nouveau\/?page_id=3823#breadcrumb\"},\"inLanguage\":\"fr-FR\",\"potentialAction\":[{\"@type\":\"ReadAction\",\"target\":[\"https:\/\/www.domaine-chantoiseau.fr\/nouveau\/?page_id=3823\"]}]},{\"@type\":\"BreadcrumbList\",\"@id\":\"https:\/\/www.domaine-chantoiseau.fr\/nouveau\/?page_id=3823#breadcrumb\",\"itemListElement\":[{\"@type\":\"ListItem\",\"position\":1,\"item\":{\"@type\":\"WebPage\",\"@id\":\"https:\/\/www.domaine-chantoiseau.fr\/nouveau\/\",\"url\":\"https:\/\/www.domaine-chantoiseau.fr\/nouveau\/\",\"name\":\"Home\"}},{\"@type\":\"ListItem\",\"position\":2,\"item\":{\"@type\":\"WebPage\",\"@id\":\"https:\/\/www.domaine-chantoiseau.fr\/nouveau\/?page_id=3823\",\"url\":\"https:\/\/www.domaine-chantoiseau.fr\/nouveau\/?page_id=3823\",\"name\":\"Cindy Reflexologie\"}}]}]}<\/script>\n<!-- \/ Yoast SEO plugin. -->","_links":{"self":[{"href":"https:\/\/www.domaine-chantoiseau.fr\/nouveau\/index.php?rest_route=\/wp\/v2\/pages\/3823"}],"collection":[{"href":"https:\/\/www.domaine-chantoiseau.fr\/nouveau\/index.php?rest_route=\/wp\/v2\/pages"}],"about":[{"href":"https:\/\/www.domaine-chantoiseau.fr\/nouveau\/index.php?rest_route=\/wp\/v2\/types\/page"}],"author":[{"embeddable":true,"href":"https:\/\/www.domaine-chantoiseau.fr\/nouveau\/index.php?rest_route=\/wp\/v2\/users\/2"}],"replies":[{"embeddable":true,"href":"https:\/\/www.domaine-chantoiseau.fr\/nouveau\/index.php?rest_route=%2Fwp%2Fv2%2Fcomments&post=3823"}],"version-history":[{"count":8,"href":"https:\/\/www.domaine-chantoiseau.fr\/nouveau\/index.php?rest_route=\/wp\/v2\/pages\/3823\/revisions"}],"predecessor-version":[{"id":3861,"href":"https:\/\/www.domaine-chantoiseau.fr\/nouveau\/index.php?rest_route=\/wp\/v2\/pages\/3823\/revisions\/3861"}],"wp:featuredmedia":[{"embeddable":true,"href":"https:\/\/www.domaine-chantoiseau.fr\/nouveau\/index.php?rest_route=\/wp\/v2\/media\/3849"}],"wp:attachment":[{"href":"https:\/\/www.domaine-chantoiseau.fr\/nouveau\/index.php?rest_route=%2Fwp%2Fv2%2Fmedia&parent=3823"}],"curies":[{"name":"wp","href":"https:\/\/api.w.org\/{rel}","templated":true}]}}