{"id":3540,"date":"2024-02-22T14:37:49","date_gmt":"2024-02-22T13:37:49","guid":{"rendered":"https:\/\/www.domaine-chantoiseau.fr\/nouveau\/?page_id=3540"},"modified":"2024-02-22T14:40:46","modified_gmt":"2024-02-22T13:40:46","slug":"conditions-generales-de-ventes","status":"publish","type":"page","link":"https:\/\/www.domaine-chantoiseau.fr\/nouveau\/?page_id=3540","title":{"rendered":"Conditions G\u00e9n\u00e9rales de Ventes"},"content":{"rendered":"<div class=\"fusion-fullwidth fullwidth-box fusion-builder-row-1 fusion-flex-container nonhundred-percent-fullwidth non-hundred-percent-height-scrolling\" style=\"background-color: #faf9f6;background-image:linear-gradient(180deg, #f3d2a7 0%,rgba(255,255,255,0) 12%);background-position: center center;background-repeat: no-repeat;border-width: 0px 0px 0px 0px;border-color:#eae9e9;border-style:solid;\" ><div class=\"fusion-builder-row fusion-row fusion-flex-align-items-flex-start\" style=\"max-width:calc( 1100px + 0px );margin-left: calc(-0px \/ 2 );margin-right: calc(-0px \/ 2 );\"><div class=\"fusion-layout-column fusion_builder_column fusion-builder-column-0 fusion_builder_column_1_1 1_1 fusion-flex-column fusion-animated\" data-animationType=\"fadeInDown\" data-animationDuration=\"1.0\" data-animationOffset=\"100%\"><div class=\"fusion-column-wrapper fusion-flex-justify-content-flex-start fusion-content-layout-column\" style=\"background-position:left top;background-repeat:no-repeat;-webkit-background-size:cover;-moz-background-size:cover;-o-background-size:cover;background-size:cover;padding: 0px 0px 0px 0px;\"><style type=\"text\/css\">@media only screen and (max-width:1024px) {.fusion-title.fusion-title-1{margin-top:0px!important;margin-bottom:20px!important;}}<\/style><div class=\"fusion-title title fusion-title-1 fusion-title-center fusion-title-text fusion-title-size-two\" style=\"margin-top:0px;margin-bottom:20px;\"><div class=\"title-sep-container title-sep-container-left\"><div class=\"title-sep sep-single sep-solid\" style=\"border-color:#2b707d;\"><\/div><\/div><h2 class=\"title-heading-center\" style=\"margin:0;color:#2b707d;\">Nos Conditions g\u00e9n\u00e9rales de Ventes<\/h2><div class=\"title-sep-container title-sep-container-right\"><div class=\"title-sep sep-single sep-solid\" style=\"border-color:#2b707d;\"><\/div><\/div><\/div><div style=\"text-align:center;\"><span class=\" fusion-imageframe imageframe-none imageframe-1 hover-type-none\"><img width=\"2560\" height=\"120\" title=\"bandeau-fleurs\" src=\"http:\/\/www.domaine-chantoiseau.fr\/nouveau\/wp-content\/uploads\/2021\/03\/bandeau-fleurs.jpg\" class=\"img-responsive wp-image-1466\" srcset=\"https:\/\/www.domaine-chantoiseau.fr\/nouveau\/wp-content\/uploads\/2021\/03\/bandeau-fleurs-200x9.jpg 200w, https:\/\/www.domaine-chantoiseau.fr\/nouveau\/wp-content\/uploads\/2021\/03\/bandeau-fleurs-400x19.jpg 400w, https:\/\/www.domaine-chantoiseau.fr\/nouveau\/wp-content\/uploads\/2021\/03\/bandeau-fleurs-600x28.jpg 600w, https:\/\/www.domaine-chantoiseau.fr\/nouveau\/wp-content\/uploads\/2021\/03\/bandeau-fleurs-800x38.jpg 800w, https:\/\/www.domaine-chantoiseau.fr\/nouveau\/wp-content\/uploads\/2021\/03\/bandeau-fleurs-1200x56.jpg 1200w, https:\/\/www.domaine-chantoiseau.fr\/nouveau\/wp-content\/uploads\/2021\/03\/bandeau-fleurs.jpg 2560w\" sizes=\"(max-width: 1024px) 100vw, (max-width: 640px) 100vw, 1200px\" \/><\/span><\/div><div class=\"fusion-text fusion-text-1\" style=\"transform:translate3d(0,0,0);\"><p><span style=\"font-size: 12pt;\"><span style=\"text-decoration: underline;\"><strong>Conditions g\u00e9n\u00e9rales de location<\/strong><\/span><\/span><\/p>\n<p><span style=\"font-size: 12pt;\"><em><strong>Article 1 &#8211;<\/strong><\/em>\u00a0Le pr\u00e9sent contrat est consenti au locataire \u00e0 titre touristique et est de nature saisonni\u00e8re.<\/span><\/p>\n<p><span style=\"font-size: 12pt;\"><strong><em>Article 2 &#8211; Dur\u00e9e du s\u00e9jour :<\/em>\u00a0<\/strong>Le locataire signataire du pr\u00e9sent contrat conclu pour une dur\u00e9e d\u00e9termin\u00e9e ne pourra en aucune circonstance se pr\u00e9valoir d\u2019un quelconque droit au maintien dans les lieux \u00e0 l\u2019issue du s\u00e9jour.<\/span><\/p>\n<p><span style=\"font-size: 12pt;\"><em><strong>Article 3 &#8211; Conclusion du contrat<\/strong><\/em><em><strong>\u00a0:<\/strong><\/em>\u00a0La r\u00e9servation devient effective d\u00e8s lors que le locataire aura fait parvenir au propri\u00e9taire un acompte de 25 % du montant total de la location et un exemplaire du contrat sign\u00e9 avant la date indiqu\u00e9e. Un deuxi\u00e8me exemplaire est \u00e0 conserver par le locataire. La location conclue entre les parties au pr\u00e9sent acte ne peut en aucun cas b\u00e9n\u00e9ficier \u00e0 des tiers, personnes physiques ou morales, sauf accord \u00e9crit du propri\u00e9taire ;<\/span><\/p>\n<p><span style=\"font-size: 12pt;\"><strong><em>Article 4 &#8211; Annulation par le locataire<\/em><em>\u00a0:<\/em><\/strong>\u00a0Toute annulation doit \u00eatre notifi\u00e9e au propri\u00e9taire, au plus tard 15 jours avant l\u2019arriv\u00e9e.<\/span><\/p>\n<p><span style=\"font-size: 12pt;\">a) Annulation avant l\u2019arriv\u00e9e dans les lieux : l\u2019acompte reste acquis au propri\u00e9taire. Celui-ci pourra demander le solde du montant du s\u00e9jour, si l\u2019annulation intervient moins de 30 jours avant la date pr\u00e9vue d\u2019arriv\u00e9e dans les lieux. Si le locataire ne se manifeste pas dans les 24 heures qui suivent la date pr\u00e9vue d\u2019arriv\u00e9e indiqu\u00e9e sur le contrat, le pr\u00e9sent contrat devient nul et le propri\u00e9taire peut disposer des lieux. L\u2019acompte reste \u00e9galement au propri\u00e9taire qui demandera le solde de la location.<\/span><\/p>\n<p><span style=\"font-size: 12pt;\">b) Si le s\u00e9jour est \u00e9court\u00e9, le prix de la location reste acquis au propri\u00e9taire. Il ne sera proc\u00e9d\u00e9 \u00e0 aucun remboursement ou diminution de loyer.<\/span><\/p>\n<p><span style=\"font-size: 12pt;\"><strong><em>Article 5 &#8211; Annulation par le propri\u00e9taire<\/em><\/strong>\u00a0<em><strong>:<\/strong>\u00a0<\/em>Le propri\u00e9taire rembourse au locataire le double du montant de l\u2019acompte encaiss\u00e9.<\/span><\/p>\n<p><span style=\"font-size: 12pt;\"><strong><em>Article 6 &#8211; Arriv\u00e9e<\/em><\/strong><em><strong>\u00a0:<\/strong><\/em>\u00a0Le locataire doit se pr\u00e9senter le jour pr\u00e9cis\u00e9 et l\u2019heure mentionn\u00e9e sur le pr\u00e9sent contrat. En cas d\u2019arriv\u00e9e tardive ou diff\u00e9r\u00e9e, le locataire doit pr\u00e9venir le propri\u00e9taire.<\/span><\/p>\n<p><span style=\"font-size: 12pt;\"><em><strong>Article 7 &#8211; R\u00e8glement du solde<\/strong><\/em>\u00a0<em><strong>:<\/strong><\/em>\u00a0Le solde de la location est vers\u00e9 \u00e0 l\u2019entr\u00e9e dans les lieux.<\/span><\/p>\n<p><span style=\"font-size: 12pt;\"><em><strong>Article 8 &#8211; Etat des lieux<\/strong>\u00a0<\/em><strong>:<\/strong>\u00a0Un inventaire est \u00e9tabli en commun et sign\u00e9 par le locataire et le propri\u00e9taire ou son repr\u00e9sentant \u00e0 l\u2019arriv\u00e9e et au d\u00e9part du Domaine. Cet inventaire constitue la seule r\u00e9f\u00e9rence en cas de litige concernant l\u2019\u00e9tat des lieux. L\u2019\u00e9tat de propret\u00e9 des h\u00e9bergements \u00e0 l\u2019arriv\u00e9e du locataire devra \u00eatre constat\u00e9 dans l\u2019\u00e9tat des lieux. Le nettoyage des locaux est \u00e0 la charge du locataire pendant la p\u00e9riode de location et avant son d\u00e9part.<\/span><\/p>\n<p><span style=\"font-size: 12pt;\"><em><strong>Article 9 &#8211; D\u00e9p\u00f4t de garantie ou caution<\/strong><strong>\u00a0:<\/strong><\/em>\u00a0A l\u2019arriv\u00e9e du locataire, un d\u00e9p\u00f4t de garantie dont le montant est de 1 500,00 \u20ac euros est demand\u00e9 par le propri\u00e9taire. Apr\u00e8s l\u2019\u00e9tablissement contradictoire de l\u2019\u00e9tat des lieux de sortie, ce d\u00e9p\u00f4t est restitu\u00e9, d\u00e9duction faite du co\u00fbt de remise en \u00e9tat des lieux si des d\u00e9gradations \u00e9taient constat\u00e9es. En cas de d\u00e9part anticip\u00e9 (ant\u00e9rieur \u00e0 l\u2019heure mentionn\u00e9e sur la fiche descriptive) emp\u00eachant l\u2019\u00e9tablissement de l\u2019\u00e9tat des lieux le jour m\u00eame du d\u00e9part du locataire, le d\u00e9p\u00f4t de garantie est renvoy\u00e9 par le propri\u00e9taire dans un d\u00e9lai n\u2019exc\u00e9dant pas une semaine, d\u00e9duction faite du co\u00fbt de remise en \u00e9tat des lieux si des d\u00e9gradations \u00e9taient constat\u00e9es.<\/span><\/p>\n<p><span style=\"font-size: 12pt;\"><em><strong>Article 10 &#8211; Utilisation des lieux<\/strong>\u00a0<\/em><em><strong>:<\/strong><\/em>\u00a0Le locataire devra assurer le caract\u00e8re paisible de la location et en faire usage conform\u00e9ment \u00e0 la destination des lieux.<\/span><\/p>\n<p><span style=\"font-size: 12pt;\"><em><strong>Article 11 &#8211; Capacit\u00e9<\/strong><\/em><em><strong>\u00a0:<\/strong><\/em>\u00a0Le pr\u00e9sent contrat est \u00e9tabli pour une capacit\u00e9 maximum de 60 personnes. Si le nombre de locataires d\u00e9passe la capacit\u00e9 d\u2019accueil, le propri\u00e9taire peut refuser les personnes suppl\u00e9mentaires.<\/span><\/p>\n<p><span style=\"font-size: 12pt;\"><em><strong>Article 12 &#8211; Animaux<\/strong><\/em><strong><em>\u00a0:<\/em><\/strong>\u00a0Le pr\u00e9sent contrat pr\u00e9cise que le locataire ne peut s\u00e9journer en compagnie d\u2019un animal domestique sauf accord pr\u00e9alable express du propri\u00e9taire. En cas de non-respect de cette clause par le locataire, le propri\u00e9taire refusera les animaux.<\/span><\/p>\n<p><span style=\"font-size: 12pt;\"><em><strong>Article 13 &#8211; Assurances<\/strong><\/em><em><strong>\u00a0:<\/strong>\u00a0<\/em>Le locataire est responsable de tous les dommages survenant de son fait. Il est invit\u00e9 \u00e0 souscrire un contrat d\u2019assurances type-vill\u00e9giature pour ces diff\u00e9rents risques.<\/span><\/p>\n<p><span style=\"font-size: 12pt;\"><em><strong>Article 14 &#8211; Litiges<\/strong><\/em>\u00a0<em><strong>:<\/strong>\u00a0<\/em>Toute r\u00e9clamation relative \u00e0 l\u2019\u00e9tat des lieux et \u00e0 l\u2019\u00e9tat des descriptifs lors d\u2019une location doit \u00eatre remise au propri\u00e9taire dans les 48 heures \u00e0 compter de l\u2019entr\u00e9e dans les lieux. Toute autre r\u00e9clamation relative \u00e0 un s\u00e9jour doit \u00eatre adress\u00e9e dans les meilleurs d\u00e9lais par lettre au propri\u00e9taire, qui s\u2019efforcera de trouver un accord amiable. Ce contrat prendra effet apr\u00e9s r\u00e9ception : * Un exemplaire du pr\u00e9sent contrat paraph\u00e9 sur chaque page, dat\u00e9 et sign\u00e9. * L\u2019acompte pr\u00e9vu ci-avant. Au del\u00e0 de cette date, cette proposition sera annul\u00e9e et nous disposerons des h\u00e9bergements \u00e0 notre convenance.<\/span><\/p>\n<\/div><div style=\"text-align:center;\"><span class=\" fusion-imageframe imageframe-none imageframe-2 hover-type-none\"><img width=\"2560\" height=\"120\" title=\"bandeau-fleurs\" src=\"http:\/\/www.domaine-chantoiseau.fr\/nouveau\/wp-content\/uploads\/2021\/03\/bandeau-fleurs.jpg\" class=\"img-responsive wp-image-1466\" srcset=\"https:\/\/www.domaine-chantoiseau.fr\/nouveau\/wp-content\/uploads\/2021\/03\/bandeau-fleurs-200x9.jpg 200w, https:\/\/www.domaine-chantoiseau.fr\/nouveau\/wp-content\/uploads\/2021\/03\/bandeau-fleurs-400x19.jpg 400w, https:\/\/www.domaine-chantoiseau.fr\/nouveau\/wp-content\/uploads\/2021\/03\/bandeau-fleurs-600x28.jpg 600w, https:\/\/www.domaine-chantoiseau.fr\/nouveau\/wp-content\/uploads\/2021\/03\/bandeau-fleurs-800x38.jpg 800w, https:\/\/www.domaine-chantoiseau.fr\/nouveau\/wp-content\/uploads\/2021\/03\/bandeau-fleurs-1200x56.jpg 1200w, https:\/\/www.domaine-chantoiseau.fr\/nouveau\/wp-content\/uploads\/2021\/03\/bandeau-fleurs.jpg 2560w\" sizes=\"(max-width: 1024px) 100vw, (max-width: 640px) 100vw, 1200px\" \/><\/span><\/div><\/div><\/div><style type=\"text\/css\">.fusion-body .fusion-builder-column-0{width:100% !important;margin-top : 0px;margin-bottom : 0px;}.fusion-builder-column-0 > .fusion-column-wrapper {padding-top : 0px !important;padding-right : 0px !important;margin-right : 0px;padding-bottom : 0px !important;padding-left : 0px !important;margin-left : 0px;}@media only screen and (max-width:1024px) {.fusion-body .fusion-builder-column-0{width:100% !important;}.fusion-builder-column-0 > .fusion-column-wrapper {margin-right : 0px;margin-left : 0px;}}@media only screen and (max-width:640px) {.fusion-body .fusion-builder-column-0{width:100% !important;}.fusion-builder-column-0 > .fusion-column-wrapper {margin-right : 0px;margin-left : 0px;}}<\/style><\/div><style type=\"text\/css\">.fusion-body .fusion-flex-container.fusion-builder-row-1{ padding-top : 8%;margin-top : 0px;padding-right : 0px;padding-bottom : 8%;margin-bottom : 0px;padding-left : 0px;}<\/style><\/div>\n","protected":false},"excerpt":{"rendered":"","protected":false},"author":2,"featured_media":2692,"parent":0,"menu_order":0,"comment_status":"closed","ping_status":"closed","template":"100-width.php","meta":[],"yoast_head":"<!-- This site is optimized with the Yoast SEO plugin v15.9 - https:\/\/yoast.com\/wordpress\/plugins\/seo\/ -->\n<title>Conditions G\u00e9n\u00e9rales de Ventes - Domaine Chantoiseau<\/title>\n<meta name=\"robots\" content=\"index, follow, max-snippet:-1, max-image-preview:large, max-video-preview:-1\" \/>\n<link rel=\"canonical\" href=\"https:\/\/www.domaine-chantoiseau.fr\/nouveau\/?page_id=3540\" \/>\n<meta property=\"og:locale\" content=\"fr_FR\" \/>\n<meta property=\"og:type\" content=\"article\" \/>\n<meta property=\"og:title\" content=\"Conditions G\u00e9n\u00e9rales de Ventes - Domaine Chantoiseau\" \/>\n<meta property=\"og:url\" content=\"https:\/\/www.domaine-chantoiseau.fr\/nouveau\/?page_id=3540\" \/>\n<meta property=\"og:site_name\" content=\"Domaine Chantoiseau\" \/>\n<meta property=\"article:modified_time\" content=\"2024-02-22T13:40:46+00:00\" \/>\n<meta property=\"og:image\" content=\"https:\/\/www.domaine-chantoiseau.fr\/nouveau\/wp-content\/uploads\/2021\/03\/20180504_192652.jpg\" \/>\n\t<meta property=\"og:image:width\" content=\"2560\" \/>\n\t<meta property=\"og:image:height\" content=\"1128\" \/>\n<meta name=\"twitter:card\" content=\"summary_large_image\" \/>\n<meta name=\"twitter:label1\" content=\"Dur\u00e9e de lecture est.\">\n\t<meta name=\"twitter:data1\" content=\"27 minutes\">\n<script type=\"application\/ld+json\" class=\"yoast-schema-graph\">{\"@context\":\"https:\/\/schema.org\",\"@graph\":[{\"@type\":\"WebSite\",\"@id\":\"https:\/\/www.domaine-chantoiseau.fr\/nouveau\/#website\",\"url\":\"https:\/\/www.domaine-chantoiseau.fr\/nouveau\/\",\"name\":\"Domaine Chantoiseau\",\"description\":\"G\\u00eete de charme H\\u00e9bergements Insolites R\\u00e9ceptions Animations Table d&#039;H\\u00f4tes\",\"potentialAction\":[{\"@type\":\"SearchAction\",\"target\":\"https:\/\/www.domaine-chantoiseau.fr\/nouveau\/?s={search_term_string}\",\"query-input\":\"required name=search_term_string\"}],\"inLanguage\":\"fr-FR\"},{\"@type\":\"ImageObject\",\"@id\":\"https:\/\/www.domaine-chantoiseau.fr\/nouveau\/?page_id=3540#primaryimage\",\"inLanguage\":\"fr-FR\",\"url\":\"https:\/\/www.domaine-chantoiseau.fr\/nouveau\/wp-content\/uploads\/2021\/03\/20180504_192652.jpg\",\"width\":2560,\"height\":1128},{\"@type\":\"WebPage\",\"@id\":\"https:\/\/www.domaine-chantoiseau.fr\/nouveau\/?page_id=3540#webpage\",\"url\":\"https:\/\/www.domaine-chantoiseau.fr\/nouveau\/?page_id=3540\",\"name\":\"Conditions G\\u00e9n\\u00e9rales de Ventes - Domaine Chantoiseau\",\"isPartOf\":{\"@id\":\"https:\/\/www.domaine-chantoiseau.fr\/nouveau\/#website\"},\"primaryImageOfPage\":{\"@id\":\"https:\/\/www.domaine-chantoiseau.fr\/nouveau\/?page_id=3540#primaryimage\"},\"datePublished\":\"2024-02-22T13:37:49+00:00\",\"dateModified\":\"2024-02-22T13:40:46+00:00\",\"breadcrumb\":{\"@id\":\"https:\/\/www.domaine-chantoiseau.fr\/nouveau\/?page_id=3540#breadcrumb\"},\"inLanguage\":\"fr-FR\",\"potentialAction\":[{\"@type\":\"ReadAction\",\"target\":[\"https:\/\/www.domaine-chantoiseau.fr\/nouveau\/?page_id=3540\"]}]},{\"@type\":\"BreadcrumbList\",\"@id\":\"https:\/\/www.domaine-chantoiseau.fr\/nouveau\/?page_id=3540#breadcrumb\",\"itemListElement\":[{\"@type\":\"ListItem\",\"position\":1,\"item\":{\"@type\":\"WebPage\",\"@id\":\"https:\/\/www.domaine-chantoiseau.fr\/nouveau\/\",\"url\":\"https:\/\/www.domaine-chantoiseau.fr\/nouveau\/\",\"name\":\"Home\"}},{\"@type\":\"ListItem\",\"position\":2,\"item\":{\"@type\":\"WebPage\",\"@id\":\"https:\/\/www.domaine-chantoiseau.fr\/nouveau\/?page_id=3540\",\"url\":\"https:\/\/www.domaine-chantoiseau.fr\/nouveau\/?page_id=3540\",\"name\":\"Conditions G\\u00e9n\\u00e9rales de Ventes\"}}]}]}<\/script>\n<!-- \/ Yoast SEO plugin. -->","_links":{"self":[{"href":"https:\/\/www.domaine-chantoiseau.fr\/nouveau\/index.php?rest_route=\/wp\/v2\/pages\/3540"}],"collection":[{"href":"https:\/\/www.domaine-chantoiseau.fr\/nouveau\/index.php?rest_route=\/wp\/v2\/pages"}],"about":[{"href":"https:\/\/www.domaine-chantoiseau.fr\/nouveau\/index.php?rest_route=\/wp\/v2\/types\/page"}],"author":[{"embeddable":true,"href":"https:\/\/www.domaine-chantoiseau.fr\/nouveau\/index.php?rest_route=\/wp\/v2\/users\/2"}],"replies":[{"embeddable":true,"href":"https:\/\/www.domaine-chantoiseau.fr\/nouveau\/index.php?rest_route=%2Fwp%2Fv2%2Fcomments&post=3540"}],"version-history":[{"count":2,"href":"https:\/\/www.domaine-chantoiseau.fr\/nouveau\/index.php?rest_route=\/wp\/v2\/pages\/3540\/revisions"}],"predecessor-version":[{"id":3543,"href":"https:\/\/www.domaine-chantoiseau.fr\/nouveau\/index.php?rest_route=\/wp\/v2\/pages\/3540\/revisions\/3543"}],"wp:featuredmedia":[{"embeddable":true,"href":"https:\/\/www.domaine-chantoiseau.fr\/nouveau\/index.php?rest_route=\/wp\/v2\/media\/2692"}],"wp:attachment":[{"href":"https:\/\/www.domaine-chantoiseau.fr\/nouveau\/index.php?rest_route=%2Fwp%2Fv2%2Fmedia&parent=3540"}],"curies":[{"name":"wp","href":"https:\/\/api.w.org\/{rel}","templated":true}]}}