{"id":2674,"date":"2021-03-24T19:42:05","date_gmt":"2021-03-24T18:42:05","guid":{"rendered":"http:\/\/www.domaine-chantoiseau.fr\/nouveau\/?page_id=2674"},"modified":"2024-02-29T10:31:47","modified_gmt":"2024-02-29T09:31:47","slug":"reserver","status":"publish","type":"page","link":"https:\/\/www.domaine-chantoiseau.fr\/nouveau\/?page_id=2674","title":{"rendered":"R\u00e9server"},"content":{"rendered":"<p><div class=\"fusion-fullwidth fullwidth-box fusion-builder-row-1 fusion-flex-container hundred-percent-fullwidth non-hundred-percent-height-scrolling\" style=\"background-color: rgba(255,255,255,0);background-image:linear-gradient(180deg, #ffffff 0%,rgba(255,255,255,0) 15%);background-position: center center;background-repeat: no-repeat;border-width: 0px 0px 100 0px;border-color:#eae9e9;border-style:solid;\" ><div class=\"fusion-builder-row fusion-row fusion-flex-align-items-flex-start\" style=\"width:104% !important;max-width:104% !important;margin-left: calc(-4% \/ 2 );margin-right: calc(-4% \/ 2 );\"><div class=\"fusion-layout-column fusion_builder_column fusion-builder-column-0 fusion_builder_column_1_1 1_1 fusion-flex-column\"><div class=\"fusion-column-wrapper fusion-flex-justify-content-flex-start fusion-content-layout-column\" style=\"background-position:left top;background-repeat:no-repeat;-webkit-background-size:cover;-moz-background-size:cover;-o-background-size:cover;background-size:cover;padding: 0px 0px 10px 0px;\"><div id=\"hippocamp-search-widget-container\" \n\tdata-user-id=\"4098\" data-jquery=\"3.6.0\" \n data-language=\"auto\">\n<\/div>\n<script src=\"https:\/\/hippo-camp.fr\/media\/com_campingmanager\/widgets\/search.min.js\" type=\"text\/javascript\"><\/script>\n<style>\n#persons_picker, #hpc-selected_flexibility_dropdown{position:relative!important}\n#hpc-selected_flexibility_dropdown{top:-30px!important}\n<\/style><\/div><\/div><style type=\"text\/css\">.fusion-body .fusion-builder-column-0{width:100% !important;margin-top : 0px;margin-bottom : 10px;}.fusion-builder-column-0 > .fusion-column-wrapper {padding-top : 0px !important;padding-right : 0px !important;margin-right : 1.92%;padding-bottom : 10 !important;padding-left : 0px !important;margin-left : 1.92%;}@media only screen and (max-width:1024px) {.fusion-body .fusion-builder-column-0{width:100% !important;order : 0;}.fusion-builder-column-0 > .fusion-column-wrapper {margin-right : 1.92%;margin-left : 1.92%;}}@media only screen and (max-width:640px) {.fusion-body .fusion-builder-column-0{width:100% !important;order : 0;}.fusion-builder-column-0 > .fusion-column-wrapper {margin-right : 1.92%;margin-left : 1.92%;}}<\/style><\/div><style type=\"text\/css\">.fusion-body .fusion-flex-container.fusion-builder-row-1{ padding-top : 0px;margin-top : 0px;padding-right : 0px;padding-bottom : 100px;margin-bottom : 100;padding-left : 0px;}<\/style><\/div><div class=\"fusion-fullwidth fullwidth-box fusion-builder-row-2 fusion-flex-container nonhundred-percent-fullwidth non-hundred-percent-height-scrolling\" style=\"background-color: rgba(255,255,255,0);background-position: center center;background-repeat: no-repeat;border-width: 0px 0px 0px 0px;border-color:#eae9e9;border-style:solid;\" ><div class=\"fusion-builder-row fusion-row fusion-flex-align-items-flex-start\" style=\"max-width:1144px;margin-left: calc(-4% \/ 2 );margin-right: calc(-4% \/ 2 );\"><div class=\"fusion-layout-column fusion_builder_column fusion-builder-column-1 fusion_builder_column_1_1 1_1 fusion-flex-column\"><div class=\"fusion-column-wrapper fusion-flex-justify-content-flex-start fusion-content-layout-column\" style=\"background-position:left top;background-repeat:no-repeat;-webkit-background-size:cover;-moz-background-size:cover;-o-background-size:cover;background-size:cover;padding: 0px 0px 0px 0px;\"><div class=\"fusion-text fusion-text-1\" style=\"transform:translate3d(0,0,0);\"><h4>Comment r\u00e9server au Domaine Chantoiseau ?<\/h4>\n<p>La lecture de notre site vous a donn\u00e9 envie de r\u00e9server au Domaine Chantoiseau ? Nous en sommes ravis !<\/p>\n<p>Pour effectuer votre r\u00e9servation, il vous suffit de remplir les dates de votre s\u00e9jour, le type de logement souhait\u00e9,\u00a0le nombre d\u2019adultes et d\u2019enfants, sans oublier de pr\u00e9ciser leur \u00e2ge, et de cliquer sur le bouton rechercher. Les logements disponibles et leurs tarifs apparaissent et vous pouvez alors choisir celui qui vous fait le plus envie. Vous pouvez entrer les options qui vous int\u00e9ressent, avant de valider votre r\u00e9servation.<\/p>\n<p>Les modalit\u00e9s de paiement pour finaliser la r\u00e9servation dans notre camping sont les suivantes :<\/p>\n<p>Versement de l\u2019acompte (30% du prix du s\u00e9jour) \u00e0 la r\u00e9servation, le solde sur place.<\/p>\n<p>Paiement en ligne sur le site Internet (Payline), ou bien ch\u00e8ques, esp\u00e8ces, CB, ch\u00e8ques vacances ANCV.<\/p>\n<p>Si le\u00a0d\u00e9lai pour votre r\u00e9servation est inf\u00e9rieur \u00e0 24 h, vous ne pourrez pas effectuer la r\u00e9servation en ligne, merci de bien vouloir nous contacter par t\u00e9l\u00e9phone au 06 09\u00a075 89 56.<\/p>\n<p>Les conditions d\u2019annulation et de remboursement sont d\u00e9taill\u00e9es dans nos conditions g\u00e9n\u00e9rales de vente t\u00e9l\u00e9chargeables sur la page Reserver. Nous vous conseillons de souscrire une assurance annulation pour couvrir tout type d\u2019impr\u00e9vus.<\/p>\n<h4>Pourquoi r\u00e9server dans notre camping ?<\/h4>\n<p>La r\u00e9servation de votre s\u00e9jour\u00a0au Domaine Chantoiseau vous permet de vous projeter sereinement pour vos vacances. Vous serez assur\u00e9s de profiter d\u2019un s\u00e9jour au calme, dans un environnement naturel d\u2019une grande beaut\u00e9, dans un h\u00e9bergement de qualit\u00e9 ou bien sur un tr\u00e8s grand emplacement ombrag\u00e9, au c\u0153ur d\u2019une r\u00e9gion magnifique.<\/p>\n<h4>\u00ab\u00a0R\u00e9servation en circuits-courts\u00a0\u00bb :<\/h4>\n<p>Nous vous garantissons les\u00a0meilleurs tarifs\u00a0sur notre site internet. Nous sommes pr\u00e9sents sur certaines grandes plateformes de distribution ou des op\u00e9rateurs sp\u00e9cialis\u00e9s dans le tourisme vert ou les logements insolites pour nous rendre visibles et nous faire conna\u00eetre, mais certaines d\u2019entre elles ne payent pas leurs imp\u00f4ts en France et prennent des commissions tr\u00e8s importantes (entre 10 et 20%). Nous vous conseillons donc de\u00a0privil\u00e9gier les r\u00e9servations en direct sur notre site, par mail ou par t\u00e9l\u00e9phone.<\/p>\n<p>Nous avons h\u00e2te de vous accueillir dans notre lieu de vacances en Vall\u00e9e de la Sevre Nantaise, un lieu de vacances pour prendre soin de vous et de la nature.<\/p>\n<p>Si vous avez la moindre question, nous sommes \u00e0 votre \u00e9coute pour pr\u00e9parer au mieux votre s\u00e9jour, avant, pendant ou suite \u00e0 votre\u00a0r\u00e9servation.<\/p>\n<\/div><\/div><\/div><style type=\"text\/css\">.fusion-body .fusion-builder-column-1{width:100% !important;margin-top : 0px;margin-bottom : 0px;}.fusion-builder-column-1 > .fusion-column-wrapper {padding-top : 0px !important;padding-right : 0px !important;margin-right : 1.92%;padding-bottom : 0px !important;padding-left : 0px !important;margin-left : 1.92%;}@media only screen and (max-width:1024px) {.fusion-body .fusion-builder-column-1{width:100% !important;order : 0;}.fusion-builder-column-1 > .fusion-column-wrapper {margin-right : 1.92%;margin-left : 1.92%;}}@media only screen and (max-width:640px) {.fusion-body .fusion-builder-column-1{width:100% !important;order : 0;}.fusion-builder-column-1 > .fusion-column-wrapper {margin-right : 1.92%;margin-left : 1.92%;}}<\/style><\/div><style type=\"text\/css\">.fusion-body .fusion-flex-container.fusion-builder-row-2{ padding-top : 0px;margin-top : 0px;padding-right : 0px;padding-bottom : 0px;margin-bottom : 0px;padding-left : 0px;}<\/style><\/div><\/p>\n","protected":false},"excerpt":{"rendered":"","protected":false},"author":2,"featured_media":2682,"parent":0,"menu_order":0,"comment_status":"closed","ping_status":"closed","template":"100-width.php","meta":[],"yoast_head":"<!-- This site is optimized with the Yoast SEO plugin v15.9 - https:\/\/yoast.com\/wordpress\/plugins\/seo\/ -->\n<title>R\u00e9server - Domaine Chantoiseau<\/title>\n<meta name=\"robots\" content=\"index, follow, max-snippet:-1, max-image-preview:large, max-video-preview:-1\" \/>\n<link rel=\"canonical\" href=\"https:\/\/www.domaine-chantoiseau.fr\/nouveau\/?page_id=2674\" \/>\n<meta property=\"og:locale\" content=\"fr_FR\" \/>\n<meta property=\"og:type\" content=\"article\" \/>\n<meta property=\"og:title\" content=\"R\u00e9server - Domaine Chantoiseau\" \/>\n<meta property=\"og:url\" content=\"https:\/\/www.domaine-chantoiseau.fr\/nouveau\/?page_id=2674\" \/>\n<meta property=\"og:site_name\" content=\"Domaine Chantoiseau\" \/>\n<meta property=\"article:modified_time\" content=\"2024-02-29T09:31:47+00:00\" \/>\n<meta property=\"og:image\" content=\"https:\/\/www.domaine-chantoiseau.fr\/nouveau\/wp-content\/uploads\/2021\/03\/Fleurs2560x564-1.jpg\" \/>\n\t<meta property=\"og:image:width\" content=\"2560\" \/>\n\t<meta property=\"og:image:height\" content=\"633\" \/>\n<meta name=\"twitter:card\" content=\"summary_large_image\" \/>\n<meta name=\"twitter:label1\" content=\"Dur\u00e9e de lecture est.\">\n\t<meta name=\"twitter:data1\" content=\"1 minute\">\n<script type=\"application\/ld+json\" class=\"yoast-schema-graph\">{\"@context\":\"https:\/\/schema.org\",\"@graph\":[{\"@type\":\"WebSite\",\"@id\":\"https:\/\/www.domaine-chantoiseau.fr\/nouveau\/#website\",\"url\":\"https:\/\/www.domaine-chantoiseau.fr\/nouveau\/\",\"name\":\"Domaine Chantoiseau\",\"description\":\"G\\u00eete de charme H\\u00e9bergements Insolites R\\u00e9ceptions Animations Table d&#039;H\\u00f4tes\",\"potentialAction\":[{\"@type\":\"SearchAction\",\"target\":\"https:\/\/www.domaine-chantoiseau.fr\/nouveau\/?s={search_term_string}\",\"query-input\":\"required name=search_term_string\"}],\"inLanguage\":\"fr-FR\"},{\"@type\":\"ImageObject\",\"@id\":\"https:\/\/www.domaine-chantoiseau.fr\/nouveau\/?page_id=2674#primaryimage\",\"inLanguage\":\"fr-FR\",\"url\":\"https:\/\/www.domaine-chantoiseau.fr\/nouveau\/wp-content\/uploads\/2021\/03\/Fleurs2560x564-1.jpg\",\"width\":2560,\"height\":633},{\"@type\":\"WebPage\",\"@id\":\"https:\/\/www.domaine-chantoiseau.fr\/nouveau\/?page_id=2674#webpage\",\"url\":\"https:\/\/www.domaine-chantoiseau.fr\/nouveau\/?page_id=2674\",\"name\":\"R\\u00e9server - Domaine Chantoiseau\",\"isPartOf\":{\"@id\":\"https:\/\/www.domaine-chantoiseau.fr\/nouveau\/#website\"},\"primaryImageOfPage\":{\"@id\":\"https:\/\/www.domaine-chantoiseau.fr\/nouveau\/?page_id=2674#primaryimage\"},\"datePublished\":\"2021-03-24T18:42:05+00:00\",\"dateModified\":\"2024-02-29T09:31:47+00:00\",\"breadcrumb\":{\"@id\":\"https:\/\/www.domaine-chantoiseau.fr\/nouveau\/?page_id=2674#breadcrumb\"},\"inLanguage\":\"fr-FR\",\"potentialAction\":[{\"@type\":\"ReadAction\",\"target\":[\"https:\/\/www.domaine-chantoiseau.fr\/nouveau\/?page_id=2674\"]}]},{\"@type\":\"BreadcrumbList\",\"@id\":\"https:\/\/www.domaine-chantoiseau.fr\/nouveau\/?page_id=2674#breadcrumb\",\"itemListElement\":[{\"@type\":\"ListItem\",\"position\":1,\"item\":{\"@type\":\"WebPage\",\"@id\":\"https:\/\/www.domaine-chantoiseau.fr\/nouveau\/\",\"url\":\"https:\/\/www.domaine-chantoiseau.fr\/nouveau\/\",\"name\":\"Home\"}},{\"@type\":\"ListItem\",\"position\":2,\"item\":{\"@type\":\"WebPage\",\"@id\":\"https:\/\/www.domaine-chantoiseau.fr\/nouveau\/?page_id=2674\",\"url\":\"https:\/\/www.domaine-chantoiseau.fr\/nouveau\/?page_id=2674\",\"name\":\"R\\u00e9server\"}}]}]}<\/script>\n<!-- \/ Yoast SEO plugin. -->","_links":{"self":[{"href":"https:\/\/www.domaine-chantoiseau.fr\/nouveau\/index.php?rest_route=\/wp\/v2\/pages\/2674"}],"collection":[{"href":"https:\/\/www.domaine-chantoiseau.fr\/nouveau\/index.php?rest_route=\/wp\/v2\/pages"}],"about":[{"href":"https:\/\/www.domaine-chantoiseau.fr\/nouveau\/index.php?rest_route=\/wp\/v2\/types\/page"}],"author":[{"embeddable":true,"href":"https:\/\/www.domaine-chantoiseau.fr\/nouveau\/index.php?rest_route=\/wp\/v2\/users\/2"}],"replies":[{"embeddable":true,"href":"https:\/\/www.domaine-chantoiseau.fr\/nouveau\/index.php?rest_route=%2Fwp%2Fv2%2Fcomments&post=2674"}],"version-history":[{"count":26,"href":"https:\/\/www.domaine-chantoiseau.fr\/nouveau\/index.php?rest_route=\/wp\/v2\/pages\/2674\/revisions"}],"predecessor-version":[{"id":3443,"href":"https:\/\/www.domaine-chantoiseau.fr\/nouveau\/index.php?rest_route=\/wp\/v2\/pages\/2674\/revisions\/3443"}],"wp:featuredmedia":[{"embeddable":true,"href":"https:\/\/www.domaine-chantoiseau.fr\/nouveau\/index.php?rest_route=\/wp\/v2\/media\/2682"}],"wp:attachment":[{"href":"https:\/\/www.domaine-chantoiseau.fr\/nouveau\/index.php?rest_route=%2Fwp%2Fv2%2Fmedia&parent=2674"}],"curies":[{"name":"wp","href":"https:\/\/api.w.org\/{rel}","templated":true}]}}